{"id":60,"date":"2025-09-21T12:22:38","date_gmt":"2025-09-21T12:22:38","guid":{"rendered":"https:\/\/gapafot.online\/?page_id=60"},"modified":"2025-09-21T15:11:30","modified_gmt":"2025-09-21T15:11:30","slug":"qui-sommes-nous","status":"publish","type":"page","link":"https:\/\/gapafot.online\/index.php\/qui-sommes-nous\/","title":{"rendered":"Qui Sommes Nous"},"content":{"rendered":"\n<p><strong>Si\u00e8ge social \u00a0\u00a0<\/strong>: Bloc administratif de la FATEB en face du stade 20.000 places (Bureau relais) \u00a0\/Terrain sans cas derri\u00e8re l\u2019\u00e9glise des Fr\u00e8res de Galabadjia 3 dans le 8\u00b0 arrondissement<\/p>\n\n\n\n<p><strong>Adresse postale<\/strong> : B.P. 2413, Bangui, R\u00e9publique Centrafricaine <strong>T\u00e9l\u00e9phone et Whatsapp<\/strong> : +236 750 43 854 \u00a0<\/p>\n\n\n\n<p><\/p>\n\n\n\n<figure class=\"wp-block-table\"><table class=\"has-fixed-layout\"><tbody><tr><td><strong>Date de cr\u00e9ation\u00a0:<\/strong> le 16 janvier 1996 Reconnaissances officielles\u00a0: <strong>Administration du Territoire\u00a0:<\/strong> N\u00b0031 du 22 mars 2000 et \u00a0\u00a0\u00a0<strong>Minist\u00e8re du Plan et Coop\u00e9ration Internationale : N<\/strong>\u00b01457 du 30 Novembre 1998<br><br>BP 2413 Bangui RCA, Tel\u00a0: +236 75 04 38 54 \/72 50 38 55\u00a0\u00a0<br><br><strong>Sous Bureaux \u00e0\u00a0:<\/strong> Bogangolo ,Birao , Bouca\u00a0 et Bouar<br><br><strong>Nombre de membres du personnel<\/strong> : 13 salari\u00e9s et 72 b\u00e9n\u00e9voles pr\u00eats \u00e0 \u00eatre mobiliser \u00e0 tout moment<\/td><\/tr><\/tbody><\/table><\/figure>\n","protected":false},"excerpt":{"rendered":"<p>Si\u00e8ge social \u00a0\u00a0: Bloc administratif de la FATEB en face du stade 20.000 places (Bureau relais) \u00a0\/Terrain sans cas derri\u00e8re l\u2019\u00e9glise des Fr\u00e8res de Galabadjia 3 dans le 8\u00b0 arrondissement Adresse postale : B.P. 2413, Bangui, R\u00e9publique Centrafricaine T\u00e9l\u00e9phone et Whatsapp : +236 750 43 854 \u00a0 Date de cr\u00e9ation\u00a0: le 16 janvier 1996 Reconnaissances [&hellip;]<\/p>\n","protected":false},"author":1,"featured_media":137,"parent":0,"menu_order":0,"comment_status":"closed","ping_status":"closed","template":"","meta":{"_monsterinsights_skip_tracking":false,"_monsterinsights_sitenote_active":false,"_monsterinsights_sitenote_note":"","_monsterinsights_sitenote_category":0,"footnotes":""},"class_list":["post-60","page","type-page","status-publish","has-post-thumbnail","hentry"],"aioseo_notices":[],"_links":{"self":[{"href":"https:\/\/gapafot.online\/index.php\/wp-json\/wp\/v2\/pages\/60","targetHints":{"allow":["GET"]}}],"collection":[{"href":"https:\/\/gapafot.online\/index.php\/wp-json\/wp\/v2\/pages"}],"about":[{"href":"https:\/\/gapafot.online\/index.php\/wp-json\/wp\/v2\/types\/page"}],"author":[{"embeddable":true,"href":"https:\/\/gapafot.online\/index.php\/wp-json\/wp\/v2\/users\/1"}],"replies":[{"embeddable":true,"href":"https:\/\/gapafot.online\/index.php\/wp-json\/wp\/v2\/comments?post=60"}],"version-history":[{"count":2,"href":"https:\/\/gapafot.online\/index.php\/wp-json\/wp\/v2\/pages\/60\/revisions"}],"predecessor-version":[{"id":140,"href":"https:\/\/gapafot.online\/index.php\/wp-json\/wp\/v2\/pages\/60\/revisions\/140"}],"wp:featuredmedia":[{"embeddable":true,"href":"https:\/\/gapafot.online\/index.php\/wp-json\/wp\/v2\/media\/137"}],"wp:attachment":[{"href":"https:\/\/gapafot.online\/index.php\/wp-json\/wp\/v2\/media?parent=60"}],"curies":[{"name":"wp","href":"https:\/\/api.w.org\/{rel}","templated":true}]}}